{"id":44446,"date":"2026-02-25T22:42:04","date_gmt":"2026-02-25T22:42:04","guid":{"rendered":"https:\/\/archidomstudio.com\/?page_id=44446"},"modified":"2026-02-25T22:47:30","modified_gmt":"2026-02-25T22:47:30","slug":"studio","status":"publish","type":"page","link":"https:\/\/archidomstudio.com\/es\/studio\/","title":{"rendered":"Studio"},"content":{"rendered":"\t\t<div data-elementor-type=\"wp-page\" data-elementor-id=\"44446\" class=\"elementor elementor-44446 elementor-44096\" data-elementor-post-type=\"page\">\n\t\t\t\t<div class=\"elementor-element elementor-element-1b9f8d5 e-con-full e-flex e-con e-parent\" data-id=\"1b9f8d5\" data-element_type=\"container\" data-e-type=\"container\">\n\t\t\t\t<div class=\"elementor-element elementor-element-30e29e8 elementor-widget elementor-widget-video\" data-id=\"30e29e8\" data-element_type=\"widget\" data-e-type=\"widget\" data-settings=\"{&quot;video_type&quot;:&quot;hosted&quot;,&quot;autoplay&quot;:&quot;yes&quot;,&quot;mute&quot;:&quot;yes&quot;,&quot;loop&quot;:&quot;yes&quot;}\" data-widget_type=\"video.default\">\n\t\t\t\t\t\t\t<div class=\"e-hosted-video elementor-wrapper elementor-open-inline\">\n\t\t\t\t\t<video class=\"elementor-video\" src=\"https:\/\/archidomstudio.com\/wp-content\/uploads\/2025\/12\/VIDEO-WEB-ARCHIDOMSTUDIO.mp4\" autoplay=\"\" loop=\"\" muted=\"muted\" controlsList=\"nodownload\"><\/video>\n\t\t\t\t<\/div>\n\t\t\t\t\t\t<\/div>\n\t\t\t\t<\/div>\n\t\t<div class=\"elementor-element elementor-element-82c728f e-flex e-con-boxed e-con e-parent\" data-id=\"82c728f\" data-element_type=\"container\" data-e-type=\"container\">\n\t\t\t\t\t<div class=\"e-con-inner\">\n\t\t<div class=\"elementor-element elementor-element-1bb9a89 e-con-full e-flex e-con e-child\" data-id=\"1bb9a89\" data-element_type=\"container\" data-e-type=\"container\">\n\t\t\t\t<div class=\"elementor-element elementor-element-26feb9d elementor-widget elementor-widget-image\" data-id=\"26feb9d\" data-element_type=\"widget\" data-e-type=\"widget\" data-widget_type=\"image.default\">\n\t\t\t\t\t\t\t\t\t\t\t\t\t\t\t<img fetchpriority=\"high\" decoding=\"async\" width=\"971\" height=\"1024\" src=\"https:\/\/archidomstudio.com\/wp-content\/uploads\/2026\/02\/292_PEDROJAEN_364A2777-1941x2048-1-971x1024.webp\" class=\"attachment-large size-large wp-image-44392\" alt=\"\" srcset=\"https:\/\/archidomstudio.com\/wp-content\/uploads\/2026\/02\/292_PEDROJAEN_364A2777-1941x2048-1-971x1024.webp 971w, https:\/\/archidomstudio.com\/wp-content\/uploads\/2026\/02\/292_PEDROJAEN_364A2777-1941x2048-1-284x300.webp 284w, https:\/\/archidomstudio.com\/wp-content\/uploads\/2026\/02\/292_PEDROJAEN_364A2777-1941x2048-1-768x810.webp 768w, https:\/\/archidomstudio.com\/wp-content\/uploads\/2026\/02\/292_PEDROJAEN_364A2777-1941x2048-1-1456x1536.webp 1456w, https:\/\/archidomstudio.com\/wp-content\/uploads\/2026\/02\/292_PEDROJAEN_364A2777-1941x2048-1.webp 1941w\" sizes=\"(max-width: 971px) 100vw, 971px\" \/>\t\t\t\t\t\t\t\t\t\t\t\t\t\t\t<\/div>\n\t\t\t\t<\/div>\n\t\t<div class=\"elementor-element elementor-element-5328ef8 e-con-full e-flex e-con e-child\" data-id=\"5328ef8\" data-element_type=\"container\" data-e-type=\"container\">\n\t\t\t\t<div class=\"elementor-element elementor-element-3b32f9f elementor-widget elementor-widget-heading\" data-id=\"3b32f9f\" data-element_type=\"widget\" data-e-type=\"widget\" data-widget_type=\"heading.default\">\n\t\t\t\t\t<h2 class=\"elementor-heading-title elementor-size-default\">ARCHIDOM STUDIO\n<\/h2>\t\t\t\t<\/div>\n\t\t\t\t<div class=\"elementor-element elementor-element-9f0e24a elementor-widget elementor-widget-text-editor\" data-id=\"9f0e24a\" data-element_type=\"widget\" data-e-type=\"widget\" data-widget_type=\"text-editor.default\">\n\t\t\t\t\t\t\t\t\t<p>Despu\u00e9s de desarrollar sus carreras profesionales por separado Chema Sobrado y Alvaro Estu\u00f1iga se unieron en 2017 para consolidar todo este background bajo el nombre de\u00a0<strong>Archidom Studio<\/strong>. Hoy el estudio es el lugar de encuentro donde arquitectos, dise\u00f1adores, creativos, t\u00e9cnicos y consultores trabajan en el desarrollo de proyectos singulares que reflejen la filosof\u00eda de la oficina.<\/p><p>Bajo un enfoque multidisciplinar de una arquitectura influenciada por la esencia mediterr\u00e1nea que los socios conservan luego de vivir en pa\u00edses como Inglaterra, China o Espa\u00f1a y haber desarrollado proyectos por todo el mundo, el estudio integra diversas competencias de arquitectura; dise\u00f1o, ingenier\u00eda, construcci\u00f3n y desarrollo inmobiliario entre otros segmentos de la unidad de negocio.<\/p><p><strong>Archidom Studio<\/strong>\u00a0tiene tambi\u00e9n gran experiencia en el desarrollo de las diferentes fases que conllevan los proyectos.\u00a0\u00a0Desde el dise\u00f1o conceptual a nivel internacional,\u00a0\u00a0arquitectura y dise\u00f1o de calidad, control de costes y un amplio conocimiento en el desarrollo constructivo del proyecto.<\/p><p><strong>Archidom Studio<\/strong>\u00a0mantiene un nivel de servicio altamente personal durante el proceso de dise\u00f1o y ofrece soluciones t\u00e9cnicas y estructurales s\u00f3lidas a trav\u00e9s de las cuales el cliente mantiene una estrecha colaboraci\u00f3n con las \u00e1reas de ingenier\u00eda, construcci\u00f3n y resto de proveedores.<\/p><p>Por lo general, el dise\u00f1o de nuestros proyectos lo lleva un equipo reducido y unido, cuyo n\u00facleo se ocupa del desarrollo, desde la concepci\u00f3n hasta la entrega final, lo cual genera un proceso mucho m\u00e1s din\u00e1mico y controlable tanto por parte de los responsables de proyecto como de los clientes.<\/p><p><strong>Archidom Studio<\/strong>\u00a0es un equipo vers\u00e1til que se adapta a proyectos a escala diversa y que tiene en la selecci\u00f3n y\u00a0 uso de materiales locales un rasgo distintivo para lograr un di\u00e1logo arm\u00f3nico con los entorno que los rodean, de modo de generar una potenciaci\u00f3n mutua.<\/p><p>Creemos que la planificaci\u00f3n y las soluciones totalmente integradas garantizar\u00e1n el resultado a largo plazo y el \u00e9xito del proyecto.<\/p><p>Nos gusta trabajar con personas que creen en su idea y en el deseo de verla cristalizada, pero que tambi\u00e9n\u00a0 conf\u00edan en que puede ser perfectible de la mano de una arquitectura singular., Por este motivo, realizamos la supervisi\u00f3n de todo el proceso de proyecto hasta la entrega del mismo. Queremos estar seguros de que el objetivo de nuestros clientes se cumpla plenamente. Esto nos llevara a ser mejores cada d\u00eda y a hacer mejores edificios tanto en calidad como en coste y tiempo.<\/p>\t\t\t\t\t\t\t\t<\/div>\n\t\t\t\t<\/div>\n\t\t\t\t\t<\/div>\n\t\t\t\t<\/div>\n\t\t<div class=\"elementor-element elementor-element-e6951b3 e-con-full e-flex e-con e-parent\" data-id=\"e6951b3\" data-element_type=\"container\" data-e-type=\"container\">\n\t\t\t\t<div class=\"elementor-element elementor-element-c6adc13 elementor-widget elementor-widget-html\" data-id=\"c6adc13\" data-element_type=\"widget\" data-e-type=\"widget\" data-widget_type=\"html.default\">\n\t\t\t\t\t<style>\r\n    \/* 1. SLIDER LAYOUT *\/\r\n    .slider-wrapper {\r\n        width: 100%;\r\n        overflow: hidden;\r\n        padding: 0;\r\n        box-sizing: border-box;\r\n        position: relative;\r\n        background: #fff;\r\n    }\r\n\r\n    .slider-track {\r\n        display: flex;\r\n        width: max-content;\r\n        transition: none !important; \r\n        will-change: transform;\r\n    }\r\n\r\n    .slider-item {\r\n        \/* Height is fixed to keep the row neat *\/\r\n        height: 500px; \r\n        \/* Width is auto so wide images take more space and narrow ones take less *\/\r\n        width: auto; \r\n        flex-shrink: 0;\r\n        cursor: pointer;\r\n        padding: 0;\r\n        display: flex;\r\n        align-items: center;\r\n        overflow: hidden;\r\n    }\r\n\r\n    \/* Responsive height adjustments *\/\r\n    @media (max-width: 1024px) {\r\n        .slider-item { height: 400px; }\r\n    }\r\n\r\n    @media (max-width: 480px) {\r\n        .slider-item { height: 300px; }\r\n    }\r\n\r\n    .slider-item img {\r\n        height: 100%;\r\n        width: auto;\r\n        \/* \"contain\" ensures the full image is visible without being cut off *\/\r\n        object-fit: contain; \r\n        display: block;\r\n    }\r\n\r\n    \/* 2. LIGHTBOX STYLES *\/\r\n    #custom-lightbox {\r\n        display: none;\r\n        position: fixed;\r\n        z-index: 999999;\r\n        top: 0; left: 0;\r\n        width: 100vw; \r\n        height: 100vh;\r\n        background: rgba(0,0,0,0.95);\r\n        justify-content: center;\r\n        align-items: center;\r\n        user-select: none;\r\n        touch-action: none;\r\n        overflow: hidden;\r\n    }\r\n\r\n    #lightbox-img {\r\n        max-width: 90%;\r\n        max-height: 80vh;\r\n        transition: transform 0.25s ease-out;\r\n        cursor: zoom-in;\r\n    }\r\n\r\n    #lightbox-img.zoomed {\r\n        transform: scale(1.8);\r\n        cursor: zoom-out;\r\n    }\r\n\r\n    .lb-nav {\r\n        position: absolute;\r\n        color: white;\r\n        font-size: 40px;\r\n        cursor: pointer;\r\n        padding: 15px;\r\n        top: 50%;\r\n        transform: translateY(-50%);\r\n        background: rgba(0,0,0,0.2);\r\n        border-radius: 50%;\r\n        z-index: 1000000;\r\n    }\r\n    .lb-prev { left: 20px; }\r\n    .lb-next { right: 20px; }\r\n\r\n    .close-btn {\r\n        position: absolute;\r\n        top: 20px; right: 25px;\r\n        color: white; font-size: 45px;\r\n        cursor: pointer;\r\n        line-height: 1;\r\n        z-index: 1000000;\r\n    }\r\n<\/style>\r\n\r\n<div class=\"slider-wrapper\">\r\n    <div class=\"slider-track\" id=\"sliderTrack\">\r\n        <div class=\"slider-item\"><img decoding=\"async\" data-src=\"https:\/\/archidomstudio.com\/wp-content\/uploads\/2026\/02\/02.1-scaled.jpg\" onclick=\"openLightbox(0)\" src=\"data:image\/svg+xml;base64,PHN2ZyB3aWR0aD0iMSIgaGVpZ2h0PSIxIiB4bWxucz0iaHR0cDovL3d3dy53My5vcmcvMjAwMC9zdmciPjwvc3ZnPg==\" class=\"lazyload\" style=\"--smush-placeholder-width: 1707px; --smush-placeholder-aspect-ratio: 1707\/2560;\"><\/div>\r\n        <div class=\"slider-item\"><img decoding=\"async\" data-src=\"https:\/\/archidomstudio.com\/wp-content\/uploads\/2026\/02\/02.2-scaled.jpg\" onclick=\"openLightbox(1)\" src=\"data:image\/svg+xml;base64,PHN2ZyB3aWR0aD0iMSIgaGVpZ2h0PSIxIiB4bWxucz0iaHR0cDovL3d3dy53My5vcmcvMjAwMC9zdmciPjwvc3ZnPg==\" class=\"lazyload\" style=\"--smush-placeholder-width: 1707px; --smush-placeholder-aspect-ratio: 1707\/2560;\"><\/div>\r\n        <div class=\"slider-item\"><img decoding=\"async\" data-src=\"https:\/\/archidomstudio.com\/wp-content\/uploads\/2026\/02\/02.3-scaled.jpg\" onclick=\"openLightbox(2)\" src=\"data:image\/svg+xml;base64,PHN2ZyB3aWR0aD0iMSIgaGVpZ2h0PSIxIiB4bWxucz0iaHR0cDovL3d3dy53My5vcmcvMjAwMC9zdmciPjwvc3ZnPg==\" class=\"lazyload\" style=\"--smush-placeholder-width: 1707px; --smush-placeholder-aspect-ratio: 1707\/2560;\"><\/div>\r\n        <div class=\"slider-item\"><img decoding=\"async\" data-src=\"https:\/\/archidomstudio.com\/wp-content\/uploads\/2026\/02\/02.4-1.jpg\" onclick=\"openLightbox(3)\" src=\"data:image\/svg+xml;base64,PHN2ZyB3aWR0aD0iMSIgaGVpZ2h0PSIxIiB4bWxucz0iaHR0cDovL3d3dy53My5vcmcvMjAwMC9zdmciPjwvc3ZnPg==\" class=\"lazyload\" style=\"--smush-placeholder-width: 1024px; --smush-placeholder-aspect-ratio: 1024\/683;\"><\/div>\r\n        <div class=\"slider-item\"><img decoding=\"async\" data-src=\"https:\/\/archidomstudio.com\/wp-content\/uploads\/2026\/02\/02.0-scaled.jpg\" onclick=\"openLightbox(4)\" src=\"data:image\/svg+xml;base64,PHN2ZyB3aWR0aD0iMSIgaGVpZ2h0PSIxIiB4bWxucz0iaHR0cDovL3d3dy53My5vcmcvMjAwMC9zdmciPjwvc3ZnPg==\" class=\"lazyload\" style=\"--smush-placeholder-width: 1707px; --smush-placeholder-aspect-ratio: 1707\/2560;\"><\/div>\r\n        <div class=\"slider-item\"><img decoding=\"async\" data-src=\"https:\/\/archidomstudio.com\/wp-content\/uploads\/2026\/02\/imgi_8_PROYECTOS-ARCHIDOM-STUDIO.jpg\" onclick=\"openLightbox(5)\" src=\"data:image\/svg+xml;base64,PHN2ZyB3aWR0aD0iMSIgaGVpZ2h0PSIxIiB4bWxucz0iaHR0cDovL3d3dy53My5vcmcvMjAwMC9zdmciPjwvc3ZnPg==\" class=\"lazyload\" style=\"--smush-placeholder-width: 293px; --smush-placeholder-aspect-ratio: 293\/440;\"><\/div>\r\n    <\/div>\r\n<\/div>\r\n\r\n<div id=\"custom-lightbox\">\r\n    <span class=\"close-btn\" onclick=\"closeLightbox()\">&times;<\/span>\r\n    <span class=\"lb-nav lb-prev\" onclick=\"changeImage(-1)\">&#10094;<\/span>\r\n    <img decoding=\"async\" id=\"lightbox-img\" src=\"\" onclick=\"toggleZoom(event)\">\r\n    <span class=\"lb-nav lb-next\" onclick=\"changeImage(1)\">&#10095;<\/span>\r\n<\/div>\r\n\r\n<script>\r\n    const imgList = [\r\n        \"https:\/\/archidomstudio.com\/wp-content\/uploads\/2026\/02\/02.1-scaled.jpg\",\r\n        \"https:\/\/archidomstudio.com\/wp-content\/uploads\/2026\/02\/02.2-scaled.jpg\",\r\n        \"https:\/\/archidomstudio.com\/wp-content\/uploads\/2026\/02\/02.3-scaled.jpg\",\r\n        \"https:\/\/archidomstudio.com\/wp-content\/uploads\/2026\/02\/02.4-1.jpg\",\r\n        \"https:\/\/archidomstudio.com\/wp-content\/uploads\/2026\/02\/02.0-scaled.jpg\",\r\n        \"https:\/\/archidomstudio.com\/wp-content\/uploads\/2026\/02\/imgi_8_PROYECTOS-ARCHIDOM-STUDIO.jpg\"\r\n    ];\r\n\r\n    let currentIndex = 0;\r\n    const track = document.getElementById('sliderTrack');\r\n    const lb = document.getElementById('custom-lightbox');\r\n    const lbImg = document.getElementById('lightbox-img');\r\n\r\n    \/\/ Duplicate content for infinite scroll\r\n    track.innerHTML += track.innerHTML;\r\n\r\n    let position = 0;\r\n    const speed = 1; \r\n    let isPaused = false;\r\n\r\n    function animate() {\r\n        if (!isPaused) {\r\n            position -= speed;\r\n            const halfWidth = track.scrollWidth \/ 2;\r\n            if (Math.abs(position) >= halfWidth) {\r\n                position = 0;\r\n            }\r\n            track.style.transform = `translateX(${position}px)`;\r\n        }\r\n        requestAnimationFrame(animate);\r\n    }\r\n\r\n    animate();\r\n\r\n    track.addEventListener('mouseenter', () => isPaused = true);\r\n    track.addEventListener('mouseleave', () => isPaused = false);\r\n\r\n    function openLightbox(index) {\r\n        currentIndex = index;\r\n        updateLightboxImage();\r\n        lb.style.display = 'flex';\r\n        document.documentElement.style.overflow = 'hidden';\r\n        document.body.style.overflow = 'hidden';\r\n    }\r\n\r\n    function closeLightbox() {\r\n        lb.style.display = 'none';\r\n        lbImg.classList.remove('zoomed');\r\n        document.documentElement.style.overflow = '';\r\n        document.body.style.overflow = '';\r\n    }\r\n\r\n    function updateLightboxImage() {\r\n        lbImg.src = imgList[currentIndex];\r\n        lbImg.classList.remove('zoomed');\r\n    }\r\n\r\n    function changeImage(step) {\r\n        currentIndex = (currentIndex + step + imgList.length) % imgList.length;\r\n        updateLightboxImage();\r\n    }\r\n\r\n    function toggleZoom(e) {\r\n        e.stopPropagation();\r\n        lbImg.classList.toggle('zoomed');\r\n    }\r\n\r\n    lb.onclick = function(e) {\r\n        if (e.target !== lbImg && !e.target.classList.contains('lb-nav')) closeLightbox();\r\n    };\r\n\r\n    document.addEventListener('keydown', (e) => {\r\n        if (lb.style.display === 'flex') {\r\n            if (e.key === \"ArrowLeft\") changeImage(-1);\r\n            if (e.key === \"ArrowRight\") changeImage(1);\r\n            if (e.key === \"Escape\") closeLightbox();\r\n        }\r\n    });\r\n<\/script>\t\t\t\t<\/div>\n\t\t\t\t<\/div>\n\t\t\t\t<\/div>\n\t\t","protected":false},"excerpt":{"rendered":"https:\/\/archidomstudio.com\/wp-content\/uploads\/2025\/12\/VIDEO-WEB-ARCHIDOMSTUDIO.mp4 ARCHIDOM STUDIO Despu\u00e9s de desarrollar sus carreras profesionales por separado Chema Sobrado y Alvaro Estu\u00f1iga se unieron en 2017 para consolidar todo este background bajo el nombre de\u00a0Archidom Studio. Hoy el estudio es el lugar de encuentro donde arquitectos, dise\u00f1adores, creativos, t\u00e9cnicos y consultores trabajan en el desarrollo de proyectos singulares que reflejen la&#8230;","protected":false},"author":1,"featured_media":0,"parent":0,"menu_order":0,"comment_status":"closed","ping_status":"closed","template":"elementor_header_footer","meta":{"footnotes":""},"class_list":["post-44446","page","type-page","status-publish","hentry"],"_links":{"self":[{"href":"https:\/\/archidomstudio.com\/es\/wp-json\/wp\/v2\/pages\/44446","targetHints":{"allow":["GET"]}}],"collection":[{"href":"https:\/\/archidomstudio.com\/es\/wp-json\/wp\/v2\/pages"}],"about":[{"href":"https:\/\/archidomstudio.com\/es\/wp-json\/wp\/v2\/types\/page"}],"author":[{"embeddable":true,"href":"https:\/\/archidomstudio.com\/es\/wp-json\/wp\/v2\/users\/1"}],"replies":[{"embeddable":true,"href":"https:\/\/archidomstudio.com\/es\/wp-json\/wp\/v2\/comments?post=44446"}],"version-history":[{"count":14,"href":"https:\/\/archidomstudio.com\/es\/wp-json\/wp\/v2\/pages\/44446\/revisions"}],"predecessor-version":[{"id":44461,"href":"https:\/\/archidomstudio.com\/es\/wp-json\/wp\/v2\/pages\/44446\/revisions\/44461"}],"wp:attachment":[{"href":"https:\/\/archidomstudio.com\/es\/wp-json\/wp\/v2\/media?parent=44446"}],"curies":[{"name":"wp","href":"https:\/\/api.w.org\/{rel}","templated":true}]}}