{"id":1152,"date":"2018-02-27T10:22:31","date_gmt":"2018-02-27T10:22:31","guid":{"rendered":"http:\/\/archidomstudio.com?page_id=1152"},"modified":"2020-03-18T15:26:12","modified_gmt":"2020-03-18T15:26:12","slug":"empleo","status":"publish","type":"page","link":"https:\/\/archidomstudio.com\/es\/empleo\/","title":{"rendered":"Empleo"},"content":{"rendered":"<p>[vc_row full_width=\u00bbstretch_row\u00bb overlay_dotted=\u00bb\u00bb][vc_column][vc_column_text]<\/p>\n<p style=\"margin: 50px; text-align: center;\"><span style=\"font-size: 16px;\">Siempre estamos buscando personas excepcionales para unirse a nuestro equipo multidisciplinar<\/span><\/p>\n<p>[\/vc_column_text]<div class=\"brxy-contact-form  contact-form brxy-contact-69deee537484e\">\n<div class=\"wpcf7 no-js\" id=\"wpcf7-f1672-o1\" lang=\"\" dir=\"ltr\" data-wpcf7-id=\"1672\">\n<div class=\"screen-reader-response\"><p role=\"status\" aria-live=\"polite\" aria-atomic=\"true\"><\/p> <ul><\/ul><\/div>\n<form action=\"\/es\/wp-json\/wp\/v2\/pages\/1152#wpcf7-f1672-o1\" method=\"post\" class=\"wpcf7-form init\" aria-label=\"Formulario de contacto\" enctype=\"multipart\/form-data\" novalidate=\"novalidate\" data-status=\"init\">\n<fieldset class=\"hidden-fields-container\"><input type=\"hidden\" name=\"_wpcf7\" value=\"1672\" \/><input type=\"hidden\" name=\"_wpcf7_version\" value=\"6.1.5\" \/><input type=\"hidden\" name=\"_wpcf7_locale\" value=\"\" \/><input type=\"hidden\" name=\"_wpcf7_unit_tag\" value=\"wpcf7-f1672-o1\" \/><input type=\"hidden\" name=\"_wpcf7_container_post\" value=\"0\" \/><input type=\"hidden\" name=\"_wpcf7_posted_data_hash\" value=\"\" \/>\n<\/fieldset>\n<div class=\"col25\">\n\t<p><label> Nombre *<\/label><br \/>\n<span class=\"wpcf7-form-control-wrap\" data-name=\"nombre\"><input size=\"40\" maxlength=\"400\" class=\"wpcf7-form-control wpcf7-text wpcf7-validates-as-required\" aria-required=\"true\" aria-invalid=\"false\" value=\"\" type=\"text\" name=\"nombre\" \/><\/span>\n\t<\/p>\n<\/div>\n<div class=\"col25\">\n\t<p><label> Apellidos * <\/label><br \/>\n<span class=\"wpcf7-form-control-wrap\" data-name=\"apellidos\"><input size=\"40\" maxlength=\"400\" class=\"wpcf7-form-control wpcf7-text wpcf7-validates-as-required\" aria-required=\"true\" aria-invalid=\"false\" value=\"\" type=\"text\" name=\"apellidos\" \/><\/span>\n\t<\/p>\n<\/div>\n<div class=\"col25\">\n\t<p><label> Telf *<\/label><br \/>\n<span class=\"wpcf7-form-control-wrap\" data-name=\"telf\"><input size=\"40\" maxlength=\"400\" class=\"wpcf7-form-control wpcf7-tel wpcf7-validates-as-required wpcf7-text wpcf7-validates-as-tel\" aria-required=\"true\" aria-invalid=\"false\" value=\"\" type=\"tel\" name=\"telf\" \/><\/span>\n\t<\/p>\n<\/div>\n<div class=\"col25\">\n\t<p><label>Email *<\/label><br \/>\n<span class=\"wpcf7-form-control-wrap\" data-name=\"your-email\"><input size=\"40\" maxlength=\"400\" class=\"wpcf7-form-control wpcf7-email wpcf7-validates-as-required wpcf7-text wpcf7-validates-as-email\" aria-required=\"true\" aria-invalid=\"false\" value=\"\" type=\"email\" name=\"your-email\" \/><\/span>\n\t<\/p>\n<\/div>\n<div class=\"cerrar\">\n<\/div>\n<div class=\"col50\">\n\t<p><label>Departamento<\/label><br \/>\n<span class=\"wpcf7-form-control-wrap\" data-name=\"dpto\"><select class=\"wpcf7-form-control wpcf7-select\" aria-invalid=\"false\" name=\"dpto\"><option value=\"Selecciona el departamento\">Selecciona el departamento<\/option><option value=\"Direcci\u00f3n\">Direcci\u00f3n<\/option><option value=\"Administraci\u00f3n y Contabilidad\">Administraci\u00f3n y Contabilidad<\/option><option value=\"Departamento T\u00e9cnico\">Departamento T\u00e9cnico<\/option><option value=\"Departamento de Construcci\u00f3n\">Departamento de Construcci\u00f3n<\/option><option value=\"Departamento de Comunicaci\u00f3n\">Departamento de Comunicaci\u00f3n<\/option><option value=\"Recursos Humanos\">Recursos Humanos<\/option><\/select><\/span>\n\t<\/p>\n<\/div>\n<div class=\"col50\">\n\t<p><label>Posici\u00f3n<\/label><br \/>\n<span class=\"wpcf7-form-control-wrap\" data-name=\"posicion\"><input size=\"40\" maxlength=\"400\" class=\"wpcf7-form-control wpcf7-text\" aria-invalid=\"false\" value=\"\" type=\"text\" name=\"posicion\" \/><\/span>\n\t<\/p>\n<\/div>\n<div class=\"cerrar\">\n<\/div>\n<p><label> Hablanos de ti:<\/label><br \/>\n<span class=\"wpcf7-form-control-wrap\" data-name=\"deti\"><textarea cols=\"40\" rows=\"10\" maxlength=\"2000\" class=\"wpcf7-form-control wpcf7-textarea\" aria-invalid=\"false\" name=\"deti\"><\/textarea><\/span>\n<\/p>\n<p><label> Adjuntar Curr\u00edculum Vitae<\/label><br \/>\n<span class=\"wpcf7-form-control-wrap\" data-name=\"cv\"><input size=\"40\" class=\"wpcf7-form-control wpcf7-file\" accept=\"audio\/*,video\/*,image\/*\" aria-invalid=\"false\" type=\"file\" name=\"cv\" \/><\/span>\n<\/p>\n<p><label> \u00bfC\u00f3mo nos has conocido?<\/label><br \/>\n<span class=\"wpcf7-form-control-wrap\" data-name=\"conocer\"><select class=\"wpcf7-form-control wpcf7-select\" aria-invalid=\"false\" name=\"conocer\"><option value=\"Selecciona como nos conocistes\">Selecciona como nos conocistes<\/option><option value=\"Por clientes\">Por clientes<\/option><option value=\"Por proveedores\">Por proveedores<\/option><option value=\"Portal web empleo\">Portal web empleo<\/option><option value=\"Bolsa de empleo\">Bolsa de empleo<\/option><option value=\"Otros (indicar c\u00faal)\">Otros (indicar c\u00faal)<\/option><\/select><\/span><br \/>\n<span class=\"wpcf7-form-control-wrap\" data-name=\"otros-empleo\"><input size=\"40\" maxlength=\"400\" class=\"wpcf7-form-control wpcf7-text\" aria-invalid=\"false\" value=\"\" type=\"text\" name=\"otros-empleo\" \/><\/span>\n<\/p>\n<p><label><span class=\"wpcf7-form-control-wrap\" data-name=\"privacidad\"><span class=\"wpcf7-form-control wpcf7-acceptance\"><span class=\"wpcf7-list-item\"><input type=\"checkbox\" name=\"privacidad\" value=\"1\" aria-invalid=\"false\" \/><\/span><\/span><\/span> He le\u00eddo y acepto <a href=\"https:\/\/archidomstudio.com\/politica-de-privacidad\/\">la pol\u00edtica de protecci\u00f3n de datos<\/a><\/label>\n<\/p>\n<p><span class=\"wpcf7-form-control-wrap\" data-name=\"alta-boletin\"><span class=\"wpcf7-form-control wpcf7-radio\"><span class=\"wpcf7-list-item first\"><input type=\"radio\" name=\"alta-boletin\" value=\"No\" checked=\"checked\" \/><span class=\"wpcf7-list-item-label\">No<\/span><\/span><span class=\"wpcf7-list-item last\"><input type=\"radio\" name=\"alta-boletin\" value=\"Si\" \/><span class=\"wpcf7-list-item-label\">Si<\/span><\/span><\/span><\/span> Acepto recibir informaci\u00f3n comercial sobre las ofertas y promociones de la empresa, as\u00ed como la newsletter de la empresa ARCHIDOM STUDIO relacionadas con la construcci\u00f3n\n<\/p>\n<div style=\"text-align:center;\">\n\t<p><input class=\"wpcf7-form-control wpcf7-submit has-spinner\" type=\"submit\" value=\"Enviar\" \/>\n\t<\/p>\n<\/div><div class=\"wpcf7-response-output\" aria-hidden=\"true\"><\/div>\n<\/form>\n<\/div>\n<\/div>[\/vc_column][\/vc_row]<\/p>\n","protected":false},"excerpt":{"rendered":"[vc_row full_width=\u00bbstretch_row\u00bb overlay_dotted=\u00bb\u00bb][vc_column][vc_column_text] Siempre estamos buscando personas excepcionales para unirse a nuestro equipo multidisciplinar [\/vc_column_text][\/vc_column][\/vc_row]","protected":false},"author":1,"featured_media":0,"parent":0,"menu_order":0,"comment_status":"closed","ping_status":"closed","template":"","meta":{"footnotes":""},"class_list":["post-1152","page","type-page","status-publish","hentry"],"_links":{"self":[{"href":"https:\/\/archidomstudio.com\/es\/wp-json\/wp\/v2\/pages\/1152","targetHints":{"allow":["GET"]}}],"collection":[{"href":"https:\/\/archidomstudio.com\/es\/wp-json\/wp\/v2\/pages"}],"about":[{"href":"https:\/\/archidomstudio.com\/es\/wp-json\/wp\/v2\/types\/page"}],"author":[{"embeddable":true,"href":"https:\/\/archidomstudio.com\/es\/wp-json\/wp\/v2\/users\/1"}],"replies":[{"embeddable":true,"href":"https:\/\/archidomstudio.com\/es\/wp-json\/wp\/v2\/comments?post=1152"}],"version-history":[{"count":11,"href":"https:\/\/archidomstudio.com\/es\/wp-json\/wp\/v2\/pages\/1152\/revisions"}],"predecessor-version":[{"id":1743,"href":"https:\/\/archidomstudio.com\/es\/wp-json\/wp\/v2\/pages\/1152\/revisions\/1743"}],"wp:attachment":[{"href":"https:\/\/archidomstudio.com\/es\/wp-json\/wp\/v2\/media?parent=1152"}],"curies":[{"name":"wp","href":"https:\/\/api.w.org\/{rel}","templated":true}]}}